{"id":233,"date":"2016-10-04T13:33:34","date_gmt":"2016-10-04T13:33:34","guid":{"rendered":"https:\/\/www.panskezlato.sk\/index.php\/sample-page-2\/"},"modified":"2021-03-18T20:45:12","modified_gmt":"2021-03-18T19:45:12","slug":"sample-page-2","status":"publish","type":"page","link":"https:\/\/www.panskezlato.sk\/","title":{"rendered":"Home 2"},"content":{"rendered":"<p>[vc_row][vc_column]<a id=\"sc_anchor_home_anchor\" class=\"sc_anchor sc_anchor_default\" \n\t\ttitle=\"Home\" \n\t\tdata-icon=\"\" \n\t\tdata-url=\"\"\n><\/a>[\/vc_column][\/vc_row][vc_row][vc_column]\n\t\t\t<!-- START Home 1 REVOLUTION SLIDER 6.1.5 --><p class=\"rs-p-wp-fix\"><\/p>\n\t\t\t<rs-module-wrap id=\"rev_slider_1_1_wrapper\" data-source=\"gallery\" style=\"background:transparent;padding:0;\">\n\t\t\t\t<rs-module id=\"rev_slider_1_1\" style=\"display:none;\" data-version=\"6.1.5\">\n\t\t\t\t\t<rs-slides>\n\t\t\t\t\t\t<rs-slide data-key=\"rs-1\" data-title=\"Slide\" data-anim=\"ei:d;eo:d;s:600;r:0;t:fade;sl:d;\">\n\t\t\t\t\t\t\t<img loading=\"lazy\" decoding=\"async\" src=\"\/\/www.panskezlato.sk\/wp-content\/uploads\/revslider\/home-1\/slider-1.jpg\" title=\"slider-1.jpg\" width=\"2403\" height=\"1195\" class=\"rev-slidebg\" data-no-retina>\n<!--\n\t\t\t\t\t\t\t--><rs-layer\n\t\t\t\t\t\t\t\tid=\"slider-1-slide-1-layer-1\" \n\t\t\t\t\t\t\t\tdata-type=\"image\"\n\t\t\t\t\t\t\t\tdata-rsp_ch=\"on\"\n\t\t\t\t\t\t\t\tdata-xy=\"x:c;xo:1px,1px,1px,0;yo:306px,306px,306px,139px;\"\n\t\t\t\t\t\t\t\tdata-text=\"l:22;\"\n\t\t\t\t\t\t\t\tdata-dim=\"w:256px,256px,256px,264px;h:109px,109px,109px,113px;\"\n\t\t\t\t\t\t\t\tdata-frame_0=\"tp:600;\"\n\t\t\t\t\t\t\t\tdata-frame_1=\"tp:600;e:power2.inOut;st:500;sR:500;\"\n\t\t\t\t\t\t\t\tdata-frame_999=\"o:0;tp:600;e:nothing;st:w;sR:8200;\"\n\t\t\t\t\t\t\t\tstyle=\"z-index:5;\"\n\t\t\t\t\t\t\t><img loading=\"lazy\" decoding=\"async\" src=\"\/\/www.panskezlato.sk\/wp-content\/uploads\/2021\/03\/no-imageffff.png\" width=\"552\" height=\"235\" data-no-retina> \n\t\t\t\t\t\t\t<\/rs-layer><!--\n\n\t\t\t\t\t\t\t--><rs-layer\n\t\t\t\t\t\t\t\tid=\"slider-1-slide-1-layer-2\" \n\t\t\t\t\t\t\t\tdata-type=\"text\"\n\t\t\t\t\t\t\t\tdata-color=\"#af8c00||#af8c00||#af8c00||rgba(255, 255, 255, 1)\"\n\t\t\t\t\t\t\t\tdata-rsp_ch=\"on\"\n\t\t\t\t\t\t\t\tdata-xy=\"x:c;yo:434px,434px,434px,284px;\"\n\t\t\t\t\t\t\t\tdata-text=\"s:18;l:30;ls:0.15em;a:center;\"\n\t\t\t\t\t\t\t\tdata-frame_0=\"tp:600;\"\n\t\t\t\t\t\t\t\tdata-frame_1=\"tp:600;e:power2.inOut;st:500;sR:500;\"\n\t\t\t\t\t\t\t\tdata-frame_999=\"o:0;tp:600;e:nothing;st:w;sR:8200;\"\n\t\t\t\t\t\t\t\tstyle=\"z-index:6;font-family:Crimson Text;text-transform:uppercase;\"\n\t\t\t\t\t\t\t>ZLAT\u00c9 \u0160PERKY \n\t\t\t\t\t\t\t<\/rs-layer><!--\n\n\t\t\t\t\t\t\t--><rs-layer\n\t\t\t\t\t\t\t\tid=\"slider-1-slide-1-layer-3\" \n\t\t\t\t\t\t\t\tdata-type=\"text\"\n\t\t\t\t\t\t\t\tdata-color=\"rgba(255, 255, 255, 1)\"\n\t\t\t\t\t\t\t\tdata-rsp_ch=\"on\"\n\t\t\t\t\t\t\t\tdata-xy=\"x:c;xo:0,0,0,1px;yo:505px,505px,505px,355px;\"\n\t\t\t\t\t\t\t\tdata-text=\"w:nowrap,normal,normal,normal;s:30;l:30,40,40,40;ls:0.15em;a:center;\"\n\t\t\t\t\t\t\t\tdata-dim=\"w:auto,900px,600px,420px;\"\n\t\t\t\t\t\t\t\tdata-frame_0=\"tp:600;\"\n\t\t\t\t\t\t\t\tdata-frame_1=\"tp:600;e:power2.inOut;st:500;sR:500;\"\n\t\t\t\t\t\t\t\tdata-frame_999=\"o:0;tp:600;e:nothing;st:w;sR:8200;\"\n\t\t\t\t\t\t\t\tstyle=\"z-index:7;font-family:Crimson Text;text-transform:uppercase;\"\n\t\t\t\t\t\t\t>Vyrob\u00edme origin\u00e1lne \u0161perky ktor\u00e9 nen\u00e1jdete nikde inde \n\t\t\t\t\t\t\t<\/rs-layer><!--\n\n\t\t\t\t\t\t\t--><rs-layer\n\t\t\t\t\t\t\t\tid=\"slider-1-slide-1-layer-4\" \n\t\t\t\t\t\t\t\tdata-type=\"text\"\n\t\t\t\t\t\t\t\tdata-color=\"rgba(255, 255, 255, 1)\"\n\t\t\t\t\t\t\t\tdata-rsp_ch=\"on\"\n\t\t\t\t\t\t\t\tdata-xy=\"x:c;yo:590px,630px,640px,520px;\"\n\t\t\t\t\t\t\t\tdata-text=\"s:15;l:54;ls:0.2em;fw:700;a:center;\"\n\t\t\t\t\t\t\t\tdata-actions='o:click;a:simplelink;target:_self;url:\/contacts\/;'\n\t\t\t\t\t\t\t\tdata-padding=\"r:38;l:38;\"\n\t\t\t\t\t\t\t\tdata-border=\"bos:solid;boc:rgba(255, 255, 255, 1);bow:2px,2px,2px,2px;\"\n\t\t\t\t\t\t\t\tdata-frame_0=\"tp:600;\"\n\t\t\t\t\t\t\t\tdata-frame_1=\"tp:600;e:power2.inOut;st:500;sR:500;\"\n\t\t\t\t\t\t\t\tdata-frame_999=\"o:0;tp:600;e:nothing;st:w;sR:8200;\"\n\t\t\t\t\t\t\t\tdata-frame_hover=\"c:#000;bgc:#fff;boc:#fff;bor:0px,0px,0px,0px;bos:solid;bow:2px,2px,2px,2px;oX:50;oY:50;e:none;\"\n\t\t\t\t\t\t\t\tstyle=\"z-index:8;background-color:rgba(201,184,166,0.8);font-family:Lato;text-transform:uppercase;cursor:pointer;\"\n\t\t\t\t\t\t\t>M\u00e1m z\u00e1ujem \n\t\t\t\t\t\t\t<\/rs-layer><!--\n-->\t\t\t\t\t\t<\/rs-slide>\n\t\t\t\t\t\t<rs-slide data-key=\"rs-2\" data-title=\"Slide\" data-anim=\"ei:d;eo:d;s:600;r:0;t:fade;sl:d;\">\n\t\t\t\t\t\t\t<img loading=\"lazy\" decoding=\"async\" src=\"\/\/www.panskezlato.sk\/wp-content\/uploads\/2021\/03\/handsome-stylish-bracelet-for-men-569-3d-model-stl-3dm-9.jpg\" title=\"handsome-stylish-bracelet-for-men-569-3d-model-stl-3dm (9)\" width=\"1181\" height=\"867\" class=\"rev-slidebg\" data-no-retina>\n<!--\n\t\t\t\t\t\t\t--><rs-layer\n\t\t\t\t\t\t\t\tid=\"slider-1-slide-2-layer-1\" \n\t\t\t\t\t\t\t\tdata-type=\"image\"\n\t\t\t\t\t\t\t\tdata-rsp_ch=\"on\"\n\t\t\t\t\t\t\t\tdata-xy=\"x:c;xo:1px,1px,1px,0;yo:338px,338px,338px,139px;\"\n\t\t\t\t\t\t\t\tdata-text=\"l:22;\"\n\t\t\t\t\t\t\t\tdata-dim=\"w:209px,209px,209px,264px;h:89px,89px,89px,113px;\"\n\t\t\t\t\t\t\t\tdata-frame_0=\"tp:600;\"\n\t\t\t\t\t\t\t\tdata-frame_1=\"tp:600;e:power2.inOut;st:500;sR:500;\"\n\t\t\t\t\t\t\t\tdata-frame_999=\"o:0;tp:600;e:nothing;st:w;sR:8200;\"\n\t\t\t\t\t\t\t\tstyle=\"z-index:5;\"\n\t\t\t\t\t\t\t><img loading=\"lazy\" decoding=\"async\" src=\"\/\/www.panskezlato.sk\/wp-content\/uploads\/2021\/03\/no-imageffff.png\" width=\"552\" height=\"235\" data-no-retina> \n\t\t\t\t\t\t\t<\/rs-layer><!--\n\n\t\t\t\t\t\t\t--><rs-layer\n\t\t\t\t\t\t\t\tid=\"slider-1-slide-2-layer-2\" \n\t\t\t\t\t\t\t\tdata-type=\"text\"\n\t\t\t\t\t\t\t\tdata-color=\"rgba(255, 255, 255, 1)\"\n\t\t\t\t\t\t\t\tdata-rsp_ch=\"on\"\n\t\t\t\t\t\t\t\tdata-xy=\"x:c;yo:434px,434px,434px,284px;\"\n\t\t\t\t\t\t\t\tdata-text=\"s:18;l:30;ls:0.15em;a:center;\"\n\t\t\t\t\t\t\t\tdata-frame_0=\"tp:600;\"\n\t\t\t\t\t\t\t\tdata-frame_1=\"tp:600;e:power2.inOut;st:500;sR:500;\"\n\t\t\t\t\t\t\t\tdata-frame_999=\"o:0;tp:600;e:nothing;st:w;sR:8200;\"\n\t\t\t\t\t\t\t\tstyle=\"z-index:6;font-family:Crimson Text;text-transform:uppercase;\"\n\t\t\t\t\t\t\t>P\u00e1nske zlatn\u00edctvo \n\t\t\t\t\t\t\t<\/rs-layer><!--\n\n\t\t\t\t\t\t\t--><rs-layer\n\t\t\t\t\t\t\t\tid=\"slider-1-slide-2-layer-3\" \n\t\t\t\t\t\t\t\tdata-type=\"text\"\n\t\t\t\t\t\t\t\tdata-color=\"rgba(255, 255, 255, 1)\"\n\t\t\t\t\t\t\t\tdata-rsp_ch=\"on\"\n\t\t\t\t\t\t\t\tdata-xy=\"x:c;xo:0,0,0,1px;yo:505px,505px,505px,355px;\"\n\t\t\t\t\t\t\t\tdata-text=\"w:nowrap,normal,normal,normal;s:30;l:30,40,40,40;ls:0.15em;a:center;\"\n\t\t\t\t\t\t\t\tdata-dim=\"w:auto,901px,600px,420px;\"\n\t\t\t\t\t\t\t\tdata-frame_0=\"tp:600;\"\n\t\t\t\t\t\t\t\tdata-frame_1=\"tp:600;e:power2.inOut;st:500;sR:500;\"\n\t\t\t\t\t\t\t\tdata-frame_999=\"o:0;tp:600;e:nothing;st:w;sR:8200;\"\n\t\t\t\t\t\t\t\tstyle=\"z-index:7;font-family:Crimson Text;text-transform:uppercase;\"\n\t\t\t\t\t\t\t>V\u00fdroba zlat\u00fdch \u0161perkov  \n\t\t\t\t\t\t\t<\/rs-layer><!--\n\n\t\t\t\t\t\t\t--><rs-layer\n\t\t\t\t\t\t\t\tid=\"slider-1-slide-2-layer-4\" \n\t\t\t\t\t\t\t\tdata-type=\"text\"\n\t\t\t\t\t\t\t\tdata-color=\"rgba(255, 255, 255, 1)\"\n\t\t\t\t\t\t\t\tdata-rsp_ch=\"on\"\n\t\t\t\t\t\t\t\tdata-xy=\"x:c;yo:590px,630px,630px,530px;\"\n\t\t\t\t\t\t\t\tdata-text=\"s:15;l:54;ls:0.2em;fw:700;a:center;\"\n\t\t\t\t\t\t\t\tdata-actions='o:click;a:simplelink;target:_self;url:\/contacts\/;'\n\t\t\t\t\t\t\t\tdata-padding=\"r:38;l:38;\"\n\t\t\t\t\t\t\t\tdata-border=\"bos:solid;boc:rgba(255, 255, 255, 1);bow:2px,2px,2px,2px;\"\n\t\t\t\t\t\t\t\tdata-frame_0=\"tp:600;\"\n\t\t\t\t\t\t\t\tdata-frame_1=\"tp:600;e:power2.inOut;st:500;sR:500;\"\n\t\t\t\t\t\t\t\tdata-frame_999=\"o:0;tp:600;e:nothing;st:w;sR:8200;\"\n\t\t\t\t\t\t\t\tdata-frame_hover=\"c:#000;bgc:#fff;boc:#fff;bor:0px,0px,0px,0px;bos:solid;bow:2px,2px,2px,2px;oX:50;oY:50;e:none;\"\n\t\t\t\t\t\t\t\tstyle=\"z-index:8;background-color:rgba(16,14,17,0.8);font-family:Lato;text-transform:uppercase;cursor:pointer;\"\n\t\t\t\t\t\t\t>M\u00e1m z\u00e1ujem o \u0161perk \n\t\t\t\t\t\t\t<\/rs-layer><!--\n-->\t\t\t\t\t\t<\/rs-slide>\n\t\t\t\t\t\t<rs-slide data-key=\"rs-3\" data-title=\"Slide\" data-anim=\"ei:d;eo:d;s:600;r:0;t:fade;sl:d;\">\n\t\t\t\t\t\t\t<img loading=\"lazy\" decoding=\"async\" src=\"\/\/www.panskezlato.sk\/wp-content\/uploads\/2021\/03\/tiffany-chain-link-model-3d-model-obj-stl-3dm-ige-stp-1.jpg\" title=\"tiffany-chain-link-model-3d-model-obj-stl-3dm-ige-stp (1)\" width=\"1280\" height=\"720\" class=\"rev-slidebg\" data-no-retina>\n<!--\n\t\t\t\t\t\t\t--><rs-layer\n\t\t\t\t\t\t\t\tid=\"slider-1-slide-3-layer-1\" \n\t\t\t\t\t\t\t\tdata-type=\"image\"\n\t\t\t\t\t\t\t\tdata-rsp_ch=\"on\"\n\t\t\t\t\t\t\t\tdata-xy=\"x:c;xo:-2px,-2px,-2px,0;yo:291px,291px,291px,139px;\"\n\t\t\t\t\t\t\t\tdata-text=\"l:22;\"\n\t\t\t\t\t\t\t\tdata-dim=\"w:315px,315px,315px,264px;h:134px,134px,134px,113px;\"\n\t\t\t\t\t\t\t\tdata-frame_0=\"tp:600;\"\n\t\t\t\t\t\t\t\tdata-frame_1=\"tp:600;e:power2.inOut;st:500;sR:500;\"\n\t\t\t\t\t\t\t\tdata-frame_999=\"o:0;tp:600;e:nothing;st:w;sR:8200;\"\n\t\t\t\t\t\t\t\tstyle=\"z-index:5;\"\n\t\t\t\t\t\t\t><img loading=\"lazy\" decoding=\"async\" src=\"\/\/www.panskezlato.sk\/wp-content\/uploads\/2021\/03\/no-imageffff.png\" width=\"552\" height=\"235\" data-no-retina> \n\t\t\t\t\t\t\t<\/rs-layer><!--\n\n\t\t\t\t\t\t\t--><rs-layer\n\t\t\t\t\t\t\t\tid=\"slider-1-slide-3-layer-2\" \n\t\t\t\t\t\t\t\tdata-type=\"text\"\n\t\t\t\t\t\t\t\tdata-color=\"rgba(255, 255, 255, 1)\"\n\t\t\t\t\t\t\t\tdata-rsp_ch=\"on\"\n\t\t\t\t\t\t\t\tdata-xy=\"x:c;yo:434px,434px,434px,284px;\"\n\t\t\t\t\t\t\t\tdata-text=\"s:18;l:30;ls:0.15em;a:center;\"\n\t\t\t\t\t\t\t\tdata-frame_0=\"tp:600;\"\n\t\t\t\t\t\t\t\tdata-frame_1=\"tp:600;e:power2.inOut;st:500;sR:500;\"\n\t\t\t\t\t\t\t\tdata-frame_999=\"o:0;tp:600;e:nothing;st:w;sR:8200;\"\n\t\t\t\t\t\t\t\tstyle=\"z-index:6;font-family:Crimson Text;text-transform:uppercase;\"\n\t\t\t\t\t\t\t>P\u00e1nske zlatn\u00edctvo \n\t\t\t\t\t\t\t<\/rs-layer><!--\n\n\t\t\t\t\t\t\t--><rs-layer\n\t\t\t\t\t\t\t\tid=\"slider-1-slide-3-layer-3\" \n\t\t\t\t\t\t\t\tdata-type=\"text\"\n\t\t\t\t\t\t\t\tdata-color=\"rgba(255, 255, 255, 1)\"\n\t\t\t\t\t\t\t\tdata-rsp_ch=\"on\"\n\t\t\t\t\t\t\t\tdata-xy=\"x:c;xo:0,0,0,1px;yo:505px,504px,505px,355px;\"\n\t\t\t\t\t\t\t\tdata-text=\"w:nowrap,normal,normal,normal;s:30;l:30,40,40,40;ls:0.15em;a:center;\"\n\t\t\t\t\t\t\t\tdata-dim=\"w:auto,901px,600px,420px;\"\n\t\t\t\t\t\t\t\tdata-frame_0=\"tp:600;\"\n\t\t\t\t\t\t\t\tdata-frame_1=\"tp:600;e:power2.inOut;st:500;sR:500;\"\n\t\t\t\t\t\t\t\tdata-frame_999=\"o:0;tp:600;e:nothing;st:w;sR:8200;\"\n\t\t\t\t\t\t\t\tstyle=\"z-index:7;font-family:Crimson Text;text-transform:uppercase;\"\n\t\t\t\t\t\t\t>Zlat\u00e9 \u0161perky na mieru \n\t\t\t\t\t\t\t<\/rs-layer><!--\n\n\t\t\t\t\t\t\t--><rs-layer\n\t\t\t\t\t\t\t\tid=\"slider-1-slide-3-layer-4\" \n\t\t\t\t\t\t\t\tdata-type=\"text\"\n\t\t\t\t\t\t\t\tdata-color=\"rgba(255, 255, 255, 1)\"\n\t\t\t\t\t\t\t\tdata-rsp_ch=\"on\"\n\t\t\t\t\t\t\t\tdata-xy=\"x:c;yo:590px,630px,630px,530px;\"\n\t\t\t\t\t\t\t\tdata-text=\"s:15;l:54;ls:0.2em;fw:700;a:center;\"\n\t\t\t\t\t\t\t\tdata-actions='o:click;a:simplelink;target:_self;url:\/contacts\/;'\n\t\t\t\t\t\t\t\tdata-padding=\"r:38;l:38;\"\n\t\t\t\t\t\t\t\tdata-border=\"bos:solid;boc:rgba(255, 255, 255, 1);bow:2px,2px,2px,2px;\"\n\t\t\t\t\t\t\t\tdata-frame_0=\"tp:600;\"\n\t\t\t\t\t\t\t\tdata-frame_1=\"tp:600;e:power2.inOut;st:500;sR:500;\"\n\t\t\t\t\t\t\t\tdata-frame_999=\"o:0;tp:600;e:nothing;st:w;sR:8200;\"\n\t\t\t\t\t\t\t\tdata-frame_hover=\"c:#000;bgc:#fff;boc:#fff;bor:0px,0px,0px,0px;bos:solid;bow:2px,2px,2px,2px;oX:50;oY:50;e:none;\"\n\t\t\t\t\t\t\t\tstyle=\"z-index:8;background-color:rgba(33,33,33,0.8);font-family:Lato;text-transform:uppercase;cursor:pointer;\"\n\t\t\t\t\t\t\t>kontakt \n\t\t\t\t\t\t\t<\/rs-layer><!--\n-->\t\t\t\t\t\t<\/rs-slide>\n\t\t\t\t\t<\/rs-slides>\n\t\t\t\t\t<rs-progress class=\"rs-bottom\" style=\"visibility: hidden !important;\"><\/rs-progress>\n\t\t\t\t<\/rs-module>\n\t\t\t\t<script type=\"text\/javascript\">\n\t\t\t\t\tsetREVStartSize({c: 'rev_slider_1_1',rl:[1240,1024,778,480],el:[955,955,960,720],gw:[1170,1024,778,480],gh:[955,955,960,720],layout:'fullscreen',offsetContainer:'',offset:'',mh:\"0\"});\n\t\t\t\t\tvar\trevapi1,\n\t\t\t\t\t\ttpj;\n\t\t\t\t\tjQuery(function() {\n\t\t\t\t\t\ttpj = jQuery;\n\t\t\t\t\t\tif(tpj(\"#rev_slider_1_1\").revolution == undefined){\n\t\t\t\t\t\t\trevslider_showDoubleJqueryError(\"#rev_slider_1_1\");\n\t\t\t\t\t\t}else{\n\t\t\t\t\t\t\trevapi1 = tpj(\"#rev_slider_1_1\").show().revolution({\n\t\t\t\t\t\t\t\tjsFileLocation:\"\/\/www.panskezlato.sk\/wp-content\/plugins\/revslider\/public\/assets\/js\/\",\n\t\t\t\t\t\t\t\tsliderLayout:\"fullscreen\",\n\t\t\t\t\t\t\t\tvisibilityLevels:\"1240,1024,778,480\",\n\t\t\t\t\t\t\t\tgridwidth:\"1170,1024,778,480\",\n\t\t\t\t\t\t\t\tgridheight:\"955,955,960,720\",\n\t\t\t\t\t\t\t\tminHeight:\"\",\n\t\t\t\t\t\t\t\tspinner:\"spinner0\",\n\t\t\t\t\t\t\t\teditorheight:\"955,955,960,720\",\n\t\t\t\t\t\t\t\tresponsiveLevels:\"1240,1024,778,480\",\n\t\t\t\t\t\t\t\tdisableProgressBar:\"on\",\n\t\t\t\t\t\t\t\tnavigation: {\n\t\t\t\t\t\t\t\t\tonHoverStop:false\n\t\t\t\t\t\t\t\t},\n\t\t\t\t\t\t\t\tfallbacks: {\n\t\t\t\t\t\t\t\t\tallowHTML5AutoPlayOnAndroid:true\n\t\t\t\t\t\t\t\t},\n\t\t\t\t\t\t\t});\n\t\t\t\t\t\t}\n\t\t\t\t\t\t\n\t\t\t\t\t});\n\t\t\t\t<\/script>\n\t\t\t<\/rs-module-wrap>\n\t\t\t<!-- END REVOLUTION SLIDER -->\n[\/vc_column][\/vc_row][vc_row][vc_column]<a id=\"sc_anchor_product_engineering_anchor\" class=\"sc_anchor sc_anchor_default\" \n\t\ttitle=\"Product Engineering\" \n\t\tdata-icon=\"\" \n\t\tdata-url=\"\"\n><\/a>[\/vc_column][\/vc_row][vc_row full_width=&#8220;stretch_row_content_no_spaces&#8220; css=&#8220;.vc_custom_1477502402993{background-color: #f7f8fc !important;}&#8220;][vc_column width=&#8220;1\/4&#8243; offset=&#8220;vc_col-lg-6 vc_col-md-12 vc_col-xs-12&#8243;]<div id=\"widget_video_721009920\" class=\"widget_area sc_widget_video vc_widget_video wpb_content_element\"><aside id=\"widget_video_721009920_widget\" class=\"widget widget_video\"><div class=\"trx_addons_video_player with_cover hover_play\"><img decoding=\"async\" src=\"http:\/\/900\" alt=\"\"><div class=\"video_mask\"><\/div><div class=\"video_hover\" data-video=\"&lt;iframe src=&quot;https:\/\/player.vimeo.com\/video\/83392040?title=0&amp;byline=0&amp;portrait=0&amp;autoplay=1&quot; width=&quot;960&quot; height=&quot;955&quot; frameborder=&quot;0&quot; webkitallowfullscreen mozallowfullscreen allowfullscreen&gt;\"><\/div><div class=\"video_embed video_frame\"><\/div><\/div><\/aside><\/div>[vc_images_carousel images=&#8220;350,281,349,282,283,284,285,286&#8243; img_size=&#8220;600&#215;380&#8243; autoplay=&#8220;yes&#8220;][vc_row_inner][vc_column_inner width=&#8220;1\/4&#8243;][\/vc_column_inner][vc_column_inner width=&#8220;3\/4&#8243;][vc_single_image image=&#8220;347&#8243; img_size=&#8220;full&#8220;][\/vc_column_inner][\/vc_row_inner][\/vc_column][vc_column width=&#8220;3\/4&#8243; offset=&#8220;vc_col-lg-6 vc_col-md-12 vc_col-xs-12&#8243;][vc_empty_space height=&#8220;4.65em&#8220; alter_height=&#8220;none&#8220; hide_on_mobile=&#8220;3&#8243;][vc_empty_space height=&#8220;4em&#8220; alter_height=&#8220;none&#8220; hide_on_mobile=&#8220;&#8220;]<div id=\"sc_content_1882859705\"\n\t\tclass=\"sc_content sc_content_default sc_float_center sc_align_left sc_content_width_2_3\"><h6 class=\"sc_item_subtitle sc_content_subtitle sc_align_default sc_item_title_style_default\">1<\/h6><h3 class=\"sc_item_title sc_content_title sc_align_default sc_item_title_style_default\">V\u00fdroba zlat\u00fdch \u0161perkov na mieru<\/h3><div class=\"sc_content_container\">[vc_row_inner][vc_column_inner width=&#8220;1\/2&#8243;][vc_column_text]Z\u00e1kazkov\u00e1 v\u00fdroba je z\u00e1rukou kvality a pravosti. U n\u00e1s sa vyr\u00e1ba v\u00fdhradne zo \u017elt\u00e9ho, bieleho alebo \u010derven\u00e9ho zlata, \u017eiadne farbenie zlata, ktor\u00e9 sa po \u010dase zo \u0161perku strat\u00ed. V\u0161etky \u0161perky s\u00fa ozna\u010den\u00e9 \u0161t\u00e1tnej puncovou zna\u010dkou, v\u00fdrobnou zna\u010dkou zlatn\u00edka a r\u00fddzostn\u00e9 zna\u010dkou 585\/000 (u 14 kar\u00e1tov\u00e9ho zlata).<\/p>\n<p>\u010co so star\u00fdmi \u0161perky, ktor\u00e9 nikto nenos\u00ed alebo s\u00fa rozbit\u00e9?<\/p>\n<p>&nbsp;<\/p>\n<p><img loading=\"lazy\" decoding=\"async\" class=\"alignnone size-full wp-image-288\" src=\"https:\/\/www.panskezlato.sk\/wp-content\/uploads\/2021\/03\/chain_113.jpg\" alt=\"\" width=\"652\" height=\"652\" srcset=\"https:\/\/www.panskezlato.sk\/wp-content\/uploads\/2021\/03\/chain_113.jpg 652w, https:\/\/www.panskezlato.sk\/wp-content\/uploads\/2021\/03\/chain_113-300x300.jpg 300w, https:\/\/www.panskezlato.sk\/wp-content\/uploads\/2021\/03\/chain_113-150x150.jpg 150w, https:\/\/www.panskezlato.sk\/wp-content\/uploads\/2021\/03\/chain_113-370x370.jpg 370w, https:\/\/www.panskezlato.sk\/wp-content\/uploads\/2021\/03\/chain_113-90x90.jpg 90w\" sizes=\"auto, (max-width: 652px) 100vw, 652px\" \/>[\/vc_column_text][\/vc_column_inner][vc_column_inner width=&#8220;1\/2&#8243;][vc_column_text]<img loading=\"lazy\" decoding=\"async\" class=\"alignnone size-full wp-image-279\" src=\"https:\/\/www.panskezlato.sk\/wp-content\/uploads\/2021\/03\/tiffany-chain-link-model-3d-model-obj-stl-3dm-ige-stp-1.jpg\" alt=\"\" width=\"1280\" height=\"720\" srcset=\"https:\/\/www.panskezlato.sk\/wp-content\/uploads\/2021\/03\/tiffany-chain-link-model-3d-model-obj-stl-3dm-ige-stp-1.jpg 1280w, https:\/\/www.panskezlato.sk\/wp-content\/uploads\/2021\/03\/tiffany-chain-link-model-3d-model-obj-stl-3dm-ige-stp-1-300x169.jpg 300w, https:\/\/www.panskezlato.sk\/wp-content\/uploads\/2021\/03\/tiffany-chain-link-model-3d-model-obj-stl-3dm-ige-stp-1-1024x576.jpg 1024w, https:\/\/www.panskezlato.sk\/wp-content\/uploads\/2021\/03\/tiffany-chain-link-model-3d-model-obj-stl-3dm-ige-stp-1-768x432.jpg 768w, https:\/\/www.panskezlato.sk\/wp-content\/uploads\/2021\/03\/tiffany-chain-link-model-3d-model-obj-stl-3dm-ige-stp-1-370x208.jpg 370w, https:\/\/www.panskezlato.sk\/wp-content\/uploads\/2021\/03\/tiffany-chain-link-model-3d-model-obj-stl-3dm-ige-stp-1-1170x658.jpg 1170w, https:\/\/www.panskezlato.sk\/wp-content\/uploads\/2021\/03\/tiffany-chain-link-model-3d-model-obj-stl-3dm-ige-stp-1-740x416.jpg 740w, https:\/\/www.panskezlato.sk\/wp-content\/uploads\/2021\/03\/tiffany-chain-link-model-3d-model-obj-stl-3dm-ige-stp-1-770x433.jpg 770w, https:\/\/www.panskezlato.sk\/wp-content\/uploads\/2021\/03\/tiffany-chain-link-model-3d-model-obj-stl-3dm-ige-stp-1-270x152.jpg 270w\" sizes=\"auto, (max-width: 1280px) 100vw, 1280px\" \/>[\/vc_column_text][\/vc_column_inner][\/vc_row_inner]<\/div><\/div><!-- \/.sc_content -->[vc_empty_space height=&#8220;4em&#8220; alter_height=&#8220;none&#8220; hide_on_mobile=&#8220;&#8220;][vc_empty_space height=&#8220;4em&#8220; alter_height=&#8220;none&#8220; hide_on_mobile=&#8220;3&#8243;][\/vc_column][\/vc_row][vc_row][vc_column]<a id=\"sc_anchor_custom_made_anchor\" class=\"sc_anchor sc_anchor_default\" \n\t\ttitle=\"Custom Made\" \n\t\tdata-icon=\"\" \n\t\tdata-url=\"\"\n><\/a>[\/vc_column][\/vc_row]<\/p>\n","protected":false},"excerpt":{"rendered":"<p>[vc_row][vc_column][\/vc_column][\/vc_row][vc_row][vc_column][\/vc_column][\/vc_row][vc_row][vc_column][\/vc_column][\/vc_row][vc_row full_width=&#8220;stretch_row_content_no_spaces&#8220; css=&#8220;.vc_custom_1477502402993{background-color: #f7f8fc !important;}&#8220;][vc_column width=&#8220;1\/4&#8243; offset=&#8220;vc_col-lg-6 vc_col-md-12 vc_col-xs-12&#8243;][vc_images_carousel images=&#8220;350,281,349,282,283,284,285,286&#8243; img_size=&#8220;600&#215;380&#8243; autoplay=&#8220;yes&#8220;][vc_row_inner][vc_column_inner width=&#8220;1\/4&#8243;][\/vc_column_inner][vc_column_inner width=&#8220;3\/4&#8243;][vc_single_image image=&#8220;347&#8243; img_size=&#8220;full&#8220;][\/vc_column_inner][\/vc_row_inner][\/vc_column][vc_column width=&#8220;3\/4&#8243; offset=&#8220;vc_col-lg-6 vc_col-md-12 vc_col-xs-12&#8243;][vc_empty_space height=&#8220;4.65em&#8220; alter_height=&#8220;none&#8220; hide_on_mobile=&#8220;3&#8243;][vc_empty_space height=&#8220;4em&#8220; alter_height=&#8220;none&#8220; hide_on_mobile=&#8220;&#8220;][vc_empty_space height=&#8220;4em&#8220; alter_height=&#8220;none&#8220; hide_on_mobile=&#8220;&#8220;][vc_empty_space height=&#8220;4em&#8220; alter_height=&#8220;none&#8220; hide_on_mobile=&#8220;3&#8243;][\/vc_column][\/vc_row][vc_row][vc_column][\/vc_column][\/vc_row]<\/p>\n","protected":false},"author":1,"featured_media":0,"parent":0,"menu_order":0,"comment_status":"closed","ping_status":"open","template":"","meta":{"footnotes":""},"class_list":["post-233","page","type-page","status-publish","hentry"],"_links":{"self":[{"href":"https:\/\/www.panskezlato.sk\/index.php\/wp-json\/wp\/v2\/pages\/233","targetHints":{"allow":["GET"]}}],"collection":[{"href":"https:\/\/www.panskezlato.sk\/index.php\/wp-json\/wp\/v2\/pages"}],"about":[{"href":"https:\/\/www.panskezlato.sk\/index.php\/wp-json\/wp\/v2\/types\/page"}],"author":[{"embeddable":true,"href":"https:\/\/www.panskezlato.sk\/index.php\/wp-json\/wp\/v2\/users\/1"}],"replies":[{"embeddable":true,"href":"https:\/\/www.panskezlato.sk\/index.php\/wp-json\/wp\/v2\/comments?post=233"}],"version-history":[{"count":12,"href":"https:\/\/www.panskezlato.sk\/index.php\/wp-json\/wp\/v2\/pages\/233\/revisions"}],"predecessor-version":[{"id":351,"href":"https:\/\/www.panskezlato.sk\/index.php\/wp-json\/wp\/v2\/pages\/233\/revisions\/351"}],"wp:attachment":[{"href":"https:\/\/www.panskezlato.sk\/index.php\/wp-json\/wp\/v2\/media?parent=233"}],"curies":[{"name":"wp","href":"https:\/\/api.w.org\/{rel}","templated":true}]}}