{"id":232,"date":"2016-10-06T09:30:06","date_gmt":"2016-10-06T09:30:06","guid":{"rendered":"https:\/\/www.panskezlato.sk\/index.php\/contacts\/"},"modified":"2021-03-15T12:36:04","modified_gmt":"2021-03-15T11:36:04","slug":"contacts","status":"publish","type":"page","link":"https:\/\/www.panskezlato.sk\/index.php\/contacts\/","title":{"rendered":"Kontakt"},"content":{"rendered":"<p>[vc_row][vc_column width=&#8220;1\/6&#8243;][vc_column_text]<\/p>\n<p style=\"text-align: center;\"><strong>Ruslan Kostyk &#8211; Zlatn\u00edk<\/strong><br \/>\nZlatn\u00edcka diel\u0148a<br \/>\n\u017dilina 01001<br \/>\nDoln\u00fd Val 39<\/p>\n<p>+421911577782<br \/>\n+421944781861<br \/>\n+420733457889<br \/>\nmail:\u00a0<a href=\"mailto:panskezlato.sk@gmail.com\" target=\"_blank\" rel=\"noopener\">panskezlato.sk@gmail.com<\/a><br \/>\nmail:\u00a0<a href=\"mailto:panskezlato.cz@gmail.com\" target=\"_blank\" rel=\"noopener\">panskezlato.cz@gmail.com<\/a><\/p>\n<p>[\/vc_column_text][\/vc_column][vc_column width=&#8220;2\/3&#8243;][vc_empty_space height=&#8220;5em&#8220; alter_height=&#8220;none&#8220; hide_on_mobile=&#8220;&#8220;]<div id=\"sc_title_1559021836\"\n\t\tclass=\"sc_title sc_title_default text-center  vc_custom_1615806962501\"><h3 class=\"sc_item_title sc_title_title sc_align_default sc_item_title_style_default\">Kontaktujte N\u00e1s<\/h3><\/div><!-- \/.sc_title -->\n<div class=\"wpcf7 no-js\" id=\"wpcf7-f227-o1\" lang=\"sk-SK\" dir=\"ltr\">\n<div class=\"screen-reader-response\"><p role=\"status\" aria-live=\"polite\" aria-atomic=\"true\"><\/p> <ul><\/ul><\/div>\n<form action=\"\/index.php\/wp-json\/wp\/v2\/pages\/232#wpcf7-f227-o1\" method=\"post\" class=\"wpcf7-form init\" aria-label=\"Kontaktn\u00fd formul\u00e1r\" novalidate=\"novalidate\" data-status=\"init\">\n<div style=\"display: none;\">\n<input type=\"hidden\" name=\"_wpcf7\" value=\"227\" \/>\n<input type=\"hidden\" name=\"_wpcf7_version\" value=\"5.9.6\" \/>\n<input type=\"hidden\" name=\"_wpcf7_locale\" value=\"sk_SK\" \/>\n<input type=\"hidden\" name=\"_wpcf7_unit_tag\" value=\"wpcf7-f227-o1\" \/>\n<input type=\"hidden\" name=\"_wpcf7_container_post\" value=\"0\" \/>\n<input type=\"hidden\" name=\"_wpcf7_posted_data_hash\" value=\"\" \/>\n<\/div>\n<p><label> Your name<br \/>\n<span class=\"wpcf7-form-control-wrap\" data-name=\"your-name\"><input size=\"40\" maxlength=\"80\" class=\"wpcf7-form-control wpcf7-text wpcf7-validates-as-required\" aria-required=\"true\" aria-invalid=\"false\" value=\"\" type=\"text\" name=\"your-name\" \/><\/span> <\/label>\n<\/p>\n<p><label> Your email<br \/>\n<span class=\"wpcf7-form-control-wrap\" data-name=\"your-email\"><input size=\"40\" maxlength=\"80\" class=\"wpcf7-form-control wpcf7-email wpcf7-validates-as-required wpcf7-text wpcf7-validates-as-email\" aria-required=\"true\" aria-invalid=\"false\" value=\"\" type=\"email\" name=\"your-email\" \/><\/span> <\/label>\n<\/p>\n<p><label> Subject<br \/>\n<span class=\"wpcf7-form-control-wrap\" data-name=\"your-subject\"><input size=\"40\" maxlength=\"80\" class=\"wpcf7-form-control wpcf7-text wpcf7-validates-as-required\" aria-required=\"true\" aria-invalid=\"false\" value=\"\" type=\"text\" name=\"your-subject\" \/><\/span> <\/label>\n<\/p>\n<p><label> Your message (optional)<br \/>\n<span class=\"wpcf7-form-control-wrap\" data-name=\"your-message\"><textarea cols=\"40\" rows=\"10\" maxlength=\"400\" class=\"wpcf7-form-control wpcf7-textarea\" aria-invalid=\"false\" name=\"your-message\"><\/textarea><\/span> <\/label>\n<\/p>\n<p><input class=\"wpcf7-form-control wpcf7-submit has-spinner\" type=\"submit\" value=\"Submit\" \/>\n<\/p><p style=\"display: none !important;\" class=\"akismet-fields-container\" data-prefix=\"_wpcf7_ak_\"><label>&#916;<textarea name=\"_wpcf7_ak_hp_textarea\" cols=\"45\" rows=\"8\" maxlength=\"100\"><\/textarea><\/label><input type=\"hidden\" id=\"ak_js_1\" name=\"_wpcf7_ak_js\" value=\"239\"\/><script>document.getElementById( \"ak_js_1\" ).setAttribute( \"value\", ( new Date() ).getTime() );<\/script><\/p><div class=\"wpcf7-response-output\" aria-hidden=\"true\"><\/div>\n<\/form>\n<\/div>\n[vc_empty_space height=&#8220;7.2em&#8220; alter_height=&#8220;none&#8220; hide_on_mobile=&#8220;&#8220;][\/vc_column][vc_column width=&#8220;1\/6&#8243;][vc_column_text]<\/p>\n<p style=\"text-align: center;\"><strong>Panskezlato.sk, s. r. o.<\/strong><br \/>\nZborov nad Bystricou 663<br \/>\n023 03 Zborov nad Bystricou<\/p>\n<p>I\u010cO:53172612<\/p>\n<p>Z\u00e1pis v ORSR<br \/>\nObchodn\u00fd register Okresn\u00e9ho s\u00fadu \u017dilina, oddiel: Sro, vlo\u017eka \u010d. 75255\/L[\/vc_column_text][\/vc_column][\/vc_row][vc_row][vc_column][vc_raw_html]JTNDaWZyYW1lJTIwc3JjJTNEJTIyaHR0cHMlM0ElMkYlMkZ3d3cuZ29vZ2xlLmNvbSUyRm1hcHMlMkZlbWJlZCUzRnBiJTNEJTIxMW0xOCUyMTFtMTIlMjExbTMlMjExZDI2MDUuODEzMTgxMTQ3ODYzJTIxMmQxOC43MzU1MzU0MTU4NjMwNzIlMjEzZDQ5LjIyMzA2OTk4MjkxMzM0NCUyMTJtMyUyMTFmMCUyMTJmMCUyMTNmMCUyMTNtMiUyMTFpMTAyNCUyMTJpNzY4JTIxNGYxMy4xJTIxM20zJTIxMW0yJTIxMXMweDQ3MTQ1ZWE2Zjg2MTFmOTMlMjUzQTB4ZDA2OTE4NTMxZWFjMTRkNiUyMTJzRG9sbiUyNUMzJTI1QkQlMjUyMFZhbCUyNTIwMzklMjUyQyUyNTIwMDEwJTI1MjAwMSUyNTIwJTI1QzUlMjVCRGlsaW5hJTIxNWUwJTIxM20yJTIxMXNzayUyMTJzc2slMjE0djE2MTU4MDgxMzgwNjclMjE1bTIlMjExc3NrJTIxMnNzayUyMiUyMHdpZHRoJTNEJTIyMTAwJTI1JTIyJTIwaGVpZ2h0JTNEJTIyNDUwJTIyJTIwc3R5bGUlM0QlMjJib3JkZXIlM0EwJTNCJTIyJTIwYWxsb3dmdWxsc2NyZWVuJTNEJTIyJTIyJTIwbG9hZGluZyUzRCUyMmxhenklMjIlM0UlM0MlMkZpZnJhbWUlM0U=[\/vc_raw_html][\/vc_column][\/vc_row]<\/p>\n","protected":false},"excerpt":{"rendered":"<p>[vc_row][vc_column width=&#8220;1\/6&#8243;][vc_column_text] Ruslan Kostyk &#8211; Zlatn\u00edk Zlatn\u00edcka diel\u0148a \u017dilina 01001 Doln\u00fd Val 39 +421911577782 +421944781861 +420733457889 mail:\u00a0panskezlato.sk@gmail.com mail:\u00a0panskezlato.cz@gmail.com [\/vc_column_text][\/vc_column][vc_column width=&#8220;2\/3&#8243;][vc_empty_space height=&#8220;5em&#8220; alter_height=&#8220;none&#8220; hide_on_mobile=&#8220;&#8220;][vc_empty_space height=&#8220;7.2em&#8220; alter_height=&#8220;none&#8220; hide_on_mobile=&#8220;&#8220;][\/vc_column][vc_column width=&#8220;1\/6&#8243;][vc_column_text] Panskezlato.sk, s. r. o. Zborov nad Bystricou 663 023 03 Zborov nad Bystricou I\u010cO:53172612 Z\u00e1pis v ORSR Obchodn\u00fd register Okresn\u00e9ho s\u00fadu \u017dilina, oddiel: Sro, vlo\u017eka \u010d. 75255\/L[\/vc_column_text][\/vc_column][\/vc_row][vc_row][vc_column][vc_raw_html]JTNDaWZyYW1lJTIwc3JjJTNEJTIyaHR0cHMlM0ElMkYlMkZ3d3cuZ29vZ2xlLmNvbSUyRm1hcHMlMkZlbWJlZCUzRnBiJTNEJTIxMW0xOCUyMTFtMTIlMjExbTMlMjExZDI2MDUuODEzMTgxMTQ3ODYzJTIxMmQxOC43MzU1MzU0MTU4NjMwNzIlMjEzZDQ5LjIyMzA2OTk4MjkxMzM0NCUyMTJtMyUyMTFmMCUyMTJmMCUyMTNmMCUyMTNtMiUyMTFpMTAyNCUyMTJpNzY4JTIxNGYxMy4xJTIxM20zJTIxMW0yJTIxMXMweDQ3MTQ1ZWE2Zjg2MTFmOTMlMjUzQTB4ZDA2OTE4NTMxZWFjMTRkNiUyMTJzRG9sbiUyNUMzJTI1QkQlMjUyMFZhbCUyNTIwMzklMjUyQyUyNTIwMDEwJTI1MjAwMSUyNTIwJTI1QzUlMjVCRGlsaW5hJTIxNWUwJTIxM20yJTIxMXNzayUyMTJzc2slMjE0djE2MTU4MDgxMzgwNjclMjE1bTIlMjExc3NrJTIxMnNzayUyMiUyMHdpZHRoJTNEJTIyMTAwJTI1JTIyJTIwaGVpZ2h0JTNEJTIyNDUwJTIyJTIwc3R5bGUlM0QlMjJib3JkZXIlM0EwJTNCJTIyJTIwYWxsb3dmdWxsc2NyZWVuJTNEJTIyJTIyJTIwbG9hZGluZyUzRCUyMmxhenklMjIlM0UlM0MlMkZpZnJhbWUlM0U=[\/vc_raw_html][\/vc_column][\/vc_row]<\/p>\n","protected":false},"author":1,"featured_media":0,"parent":0,"menu_order":0,"comment_status":"closed","ping_status":"closed","template":"","meta":{"footnotes":""},"class_list":["post-232","page","type-page","status-publish","hentry"],"_links":{"self":[{"href":"https:\/\/www.panskezlato.sk\/index.php\/wp-json\/wp\/v2\/pages\/232","targetHints":{"allow":["GET"]}}],"collection":[{"href":"https:\/\/www.panskezlato.sk\/index.php\/wp-json\/wp\/v2\/pages"}],"about":[{"href":"https:\/\/www.panskezlato.sk\/index.php\/wp-json\/wp\/v2\/types\/page"}],"author":[{"embeddable":true,"href":"https:\/\/www.panskezlato.sk\/index.php\/wp-json\/wp\/v2\/users\/1"}],"replies":[{"embeddable":true,"href":"https:\/\/www.panskezlato.sk\/index.php\/wp-json\/wp\/v2\/comments?post=232"}],"version-history":[{"count":6,"href":"https:\/\/www.panskezlato.sk\/index.php\/wp-json\/wp\/v2\/pages\/232\/revisions"}],"predecessor-version":[{"id":257,"href":"https:\/\/www.panskezlato.sk\/index.php\/wp-json\/wp\/v2\/pages\/232\/revisions\/257"}],"wp:attachment":[{"href":"https:\/\/www.panskezlato.sk\/index.php\/wp-json\/wp\/v2\/media?parent=232"}],"curies":[{"name":"wp","href":"https:\/\/api.w.org\/{rel}","templated":true}]}}