{"id":16,"date":"2021-03-05T21:35:45","date_gmt":"2021-03-05T20:35:45","guid":{"rendered":"https:\/\/www.panskezlato.sk\/?page_id=16"},"modified":"2021-03-19T20:00:31","modified_gmt":"2021-03-19T19:00:31","slug":"vyroba-privesku","status":"publish","type":"page","link":"https:\/\/www.panskezlato.sk\/index.php\/vyroba-privesku\/","title":{"rendered":"V\u00fdroba pr\u00edvesku"},"content":{"rendered":"<p>[vc_row][vc_column][vc_column_text]\r\n    <div>        \r\n    <video id=\"plyr69ee1c2f1b5bc\" controls class=\"easy-video-player\">\r\n       <source src=\"https:\/\/www.panskezlato.sk\/video\/20210129_110601.mp4\" type=\"video\/mp4\" \/>\r\n    <\/video>\r\n    <\/div>    <script>\r\n        const evplayerplyr69ee1c2f1b5bc = new Plyr(document.getElementById('plyr69ee1c2f1b5bc'));\r\n        evplayerplyr69ee1c2f1b5bc.ratio = '16:9';\r\n        evplayerplyr69ee1c2f1b5bc.iconUrl = 'https:\/\/www.panskezlato.sk\/wp-content\/plugins\/easy-video-player\/lib\/plyr.svg';\r\n        evplayerplyr69ee1c2f1b5bc.blankVideo = 'https:\/\/www.panskezlato.sk\/wp-content\/plugins\/easy-video-player\/lib\/blank.mp4';  \r\n    <\/script>[\/vc_column_text][\/vc_column][\/vc_row][vc_row][vc_column][vc_column_text]<\/p>\n<h3>Pr\u00edvesok Je\u017e\u00ed\u0161 32 g<\/h3>\n<p>[\/vc_column_text][vc_gallery interval=&#8220;3&#8243; images=&#8220;419,420,421,422,423,424,425&#8243; img_size=&#8220;1200&#215;1200&#8243;][\/vc_column][\/vc_row]<\/p>\n","protected":false},"excerpt":{"rendered":"<p>[vc_row][vc_column][vc_column_text][\/vc_column_text][\/vc_column][\/vc_row][vc_row][vc_column][vc_column_text] Pr\u00edvesok Je\u017e\u00ed\u0161 32 g [\/vc_column_text][vc_gallery interval=&#8220;3&#8243; images=&#8220;419,420,421,422,423,424,425&#8243; img_size=&#8220;1200&#215;1200&#8243;][\/vc_column][\/vc_row]<\/p>\n","protected":false},"author":1,"featured_media":0,"parent":0,"menu_order":0,"comment_status":"closed","ping_status":"closed","template":"","meta":{"footnotes":""},"class_list":["post-16","page","type-page","status-publish","hentry"],"_links":{"self":[{"href":"https:\/\/www.panskezlato.sk\/index.php\/wp-json\/wp\/v2\/pages\/16","targetHints":{"allow":["GET"]}}],"collection":[{"href":"https:\/\/www.panskezlato.sk\/index.php\/wp-json\/wp\/v2\/pages"}],"about":[{"href":"https:\/\/www.panskezlato.sk\/index.php\/wp-json\/wp\/v2\/types\/page"}],"author":[{"embeddable":true,"href":"https:\/\/www.panskezlato.sk\/index.php\/wp-json\/wp\/v2\/users\/1"}],"replies":[{"embeddable":true,"href":"https:\/\/www.panskezlato.sk\/index.php\/wp-json\/wp\/v2\/comments?post=16"}],"version-history":[{"count":11,"href":"https:\/\/www.panskezlato.sk\/index.php\/wp-json\/wp\/v2\/pages\/16\/revisions"}],"predecessor-version":[{"id":426,"href":"https:\/\/www.panskezlato.sk\/index.php\/wp-json\/wp\/v2\/pages\/16\/revisions\/426"}],"wp:attachment":[{"href":"https:\/\/www.panskezlato.sk\/index.php\/wp-json\/wp\/v2\/media?parent=16"}],"curies":[{"name":"wp","href":"https:\/\/api.w.org\/{rel}","templated":true}]}}